{"id":2152,"date":"2022-03-31T14:31:18","date_gmt":"2022-03-31T18:31:18","guid":{"rendered":"http:\/\/alliance-patrimoine-immobilier.com\/?page_id=2152"},"modified":"2022-03-31T14:33:42","modified_gmt":"2022-03-31T18:33:42","slug":"mentions-legales","status":"publish","type":"page","link":"https:\/\/www.alliance-patrimoine-immobilier.com\/?page_id=2152","title":{"rendered":"Mentions l\u00e9gales"},"content":{"rendered":"<p>[vc_row equal_height=\u00a0\u00bbyes\u00a0\u00bb simple_background_color=\u00a0\u00bb#ffffff\u00a0\u00bb css=\u00a0\u00bb.vc_custom_1530696775756{margin-top: 0px !important;padding-top: 0px !important;}\u00a0\u00bb][vc_column offset=\u00a0\u00bbvc_col-lg-6 vc_col-md-12&Prime; css=\u00a0\u00bb.vc_custom_1536329668898{padding-top: 200px !important;padding-bottom: 200px !important;background-image: url(https:\/\/www.alliance-patrimoine-immobilier.com\/wp-content\/uploads\/2018\/09\/Alliance-Prestige-Immobilier-chasseur-de-bien.jpg?id=2369) !important;background-position: center !important;background-repeat: no-repeat !important;background-size: cover !important;}\u00a0\u00bb]<div class=\"qodef-elements-holder   qodef-one-column  qodef-responsive-mode-768 \" ><div class=\"qodef-eh-item    \"  data-item-class=\"qodef-eh-custom-9573\" data-1280-1600=\"45.7% 0\" data-1024-1280=\"48.9% 0\">\n\t<div class=\"qodef-eh-item-inner\">\n\t\t<div class=\"qodef-eh-item-content qodef-eh-custom-9573\" style=\"padding: 32.2% 0\">\n\t\t\t\t\t<\/div>\n\t<\/div>\n<\/div><\/div>[\/vc_column][vc_column offset=\u00a0\u00bbvc_col-lg-6 vc_col-md-12&Prime;]<div class=\"qodef-elements-holder   qodef-one-column  qodef-responsive-mode-768 \" ><div class=\"qodef-eh-item    \"  data-item-class=\"qodef-eh-custom-2997\" data-1280-1600=\"40px 10% 60px 10%\" data-1024-1280=\"40px 5% 60px 5%\" data-768-1024=\"40px 10% 60px 10%\" data-680-768=\"40px 10% 60px 10%\" data-680=\"40px 5% 60px 5%\">\n\t<div class=\"qodef-eh-item-inner\">\n\t\t<div class=\"qodef-eh-item-content qodef-eh-custom-2997\" style=\"padding: 40px 10% 60px 10%\">\n\t\t\t[vc_column_text]<\/p>\n<h2>Mentions l\u00e9gales<\/h2>\n<p>[\/vc_column_text]<div class=\"qodef-separator-holder clearfix  qodef-separator-center qodef-separator-full-width\">\n\t<div class=\"qodef-separator\" style=\"border-color: #00d2f7;border-style: dotted;border-bottom-width: 6px;margin-top: 10px;margin-bottom: 30px\"><\/div>\n<\/div>\n[vc_column_text]Le site\u00a0<a href=\"https:\/\/www.alliance-patrimoine-immobilier.com\" target=\"_blank\" rel=\"noopener\">www.alliance-patrimoine-immobilier.com<\/a> est \u00e9dit\u00e9 par Jean-Paul Ternoise, g\u00e9rant de la SARL Alliance Patrimoine Immobilier, immatricul\u00e9e sous le num\u00e9ro 907 719 975 RCS Fort-de-France<\/p>\n<h4><span style=\"color: #00d2f7;\">Si\u00e8ge social<br \/>\n<\/span><\/h4>\n<p>1, rue Marie Dupil, 1er \u00e9tage<\/p>\n<p>La Plaine de Petit Manoir<br \/>\n97232 Le Lamentin<br \/>\nMARTINIQUE<\/p>\n<p><strong>APE :<\/strong> 6831Z. TVA FR76907719975.<\/p>\n<p>Directeur de la publication\u00a0: Jean-Paul TERNOISE<\/p>\n<p>Carte professionnelle de transactions CPI97212022000000006<\/p>\n<p>Carte professionnelle de gestion CPI97212022000000007<\/p>\n<p>d\u00e9livr\u00e9es par la CCIM en date du 25\/03\/2022<\/p>\n<p><em><a href=\"https:\/\/www.alliance-patrimoine-immobilier.com\/wp-content\/uploads\/2019\/01\/API-Serenis-RCP-2022.pdf\" target=\"_blank\" rel=\"noopener\">Assurance de Responsabilit\u00e9 Civile Professionnelle<\/a> et <a href=\"https:\/\/www.alliance-patrimoine-immobilier.com\/wp-content\/uploads\/2019\/01\/API-QBE-GF-2022.pdf\" target=\"_blank\" rel=\"noopener\">Garantie Financi\u00e8re<\/a> conformes aux articles L 530-1 et L 530-2 du Code des Assurances et Loi de S\u00e9curit\u00e9 Financi\u00e8re. <\/em><\/p>\n<p><em>Garant : QBE Insurance (Europe) Ltd &#8211; Coeur D\u00e9fense tour A &#8211; 110, esplanade du G\u00e9n\u00e9ral de Gaulle 92931 La D\u00e9fense Cedex.<\/em><\/p>\n<p><a href=\"https:\/\/www.alliance-patrimoine-immobilier.com\/wp-content\/uploads\/2019\/01\/HCG-RSAC-180512.pdf\" target=\"_blank\" rel=\"noopener\">Agent commercial Herv\u00e9 GONZALVE : RSAC Fort de France TMC 504 372 467 &#8211; N\u00b0 Gestion 2018 AC 178.<\/a><\/p>\n<h4><span style=\"color: #00d2f7;\">H\u00e9bergeur<\/span><\/h4>\n<p><strong>OVH<\/strong><br \/>\nSAS au capital de 10\u00a0059\u00a0500\u00a0\u20ac<br \/>\nRCS Lille M\u00e9tropole 424 761 419 00045<br \/>\nCode APE 6202A<br \/>\nN\u00b0 TVA : FR22424761419<br \/>\nSi\u00e8ge social : 2 rue Kellermann \u2013 59100 Roubaix \u2013 France.[\/vc_column_text]\t\t<\/div>\n\t<\/div>\n<\/div><\/div>[\/vc_column][\/vc_row]<\/p>\n","protected":false},"excerpt":{"rendered":"<p>[vc_row equal_height=\u00a0\u00bbyes\u00a0\u00bb simple_background_color=\u00a0\u00bb#ffffff\u00a0\u00bb css=\u00a0\u00bb.vc_custom_1530696775756{margin-top: 0px !important;padding-top: 0px !important;}\u00a0\u00bb][vc_column offset=\u00a0\u00bbvc_col-lg-6 vc_col-md-12&Prime; css=\u00a0\u00bb.vc_custom_1536329668898{padding-top: 200px !important;padding-bottom: 200px !important;background-image: url(https:\/\/www.alliance-patrimoine-immobilier.com\/wp-content\/uploads\/2018\/09\/Alliance-Prestige-Immobilier-chasseur-de-bien.jpg?id=2369) !important;background-position: center !important;background-repeat: no-repeat !important;background-size: cover !important;}\u00a0\u00bb][\/vc_column][vc_column offset=\u00a0\u00bbvc_col-lg-6 vc_col-md-12&Prime;][\/vc_column][\/vc_row]<\/p>\n","protected":false},"author":1,"featured_media":0,"parent":0,"menu_order":0,"comment_status":"closed","ping_status":"closed","template":"full-width.php","meta":{"_mi_skip_tracking":false},"_links":{"self":[{"href":"https:\/\/www.alliance-patrimoine-immobilier.com\/index.php?rest_route=\/wp\/v2\/pages\/2152"}],"collection":[{"href":"https:\/\/www.alliance-patrimoine-immobilier.com\/index.php?rest_route=\/wp\/v2\/pages"}],"about":[{"href":"https:\/\/www.alliance-patrimoine-immobilier.com\/index.php?rest_route=\/wp\/v2\/types\/page"}],"author":[{"embeddable":true,"href":"https:\/\/www.alliance-patrimoine-immobilier.com\/index.php?rest_route=\/wp\/v2\/users\/1"}],"replies":[{"embeddable":true,"href":"https:\/\/www.alliance-patrimoine-immobilier.com\/index.php?rest_route=%2Fwp%2Fv2%2Fcomments&post=2152"}],"version-history":[{"count":18,"href":"https:\/\/www.alliance-patrimoine-immobilier.com\/index.php?rest_route=\/wp\/v2\/pages\/2152\/revisions"}],"predecessor-version":[{"id":2545,"href":"https:\/\/www.alliance-patrimoine-immobilier.com\/index.php?rest_route=\/wp\/v2\/pages\/2152\/revisions\/2545"}],"wp:attachment":[{"href":"https:\/\/www.alliance-patrimoine-immobilier.com\/index.php?rest_route=%2Fwp%2Fv2%2Fmedia&parent=2152"}],"curies":[{"name":"wp","href":"https:\/\/api.w.org\/{rel}","templated":true}]}}