{"id":2112,"date":"2018-07-11T16:44:54","date_gmt":"2018-07-11T14:44:54","guid":{"rendered":"http:\/\/alliance-patrimoine-immobilier.com\/?page_id=2112"},"modified":"2019-01-08T11:42:31","modified_gmt":"2019-01-08T15:42:31","slug":"politique-de-confidentialite","status":"publish","type":"page","link":"https:\/\/www.alliance-patrimoine-immobilier.com\/?page_id=2112","title":{"rendered":"Politique de confidentialit\u00e9"},"content":{"rendered":"<p>[vc_row content_text_aligment=\u00a0\u00bbcenter\u00a0\u00bb css=\u00a0\u00bb.vc_custom_1536329621999{padding-bottom: 30px !important;background-image: url(https:\/\/www.alliance-patrimoine-immobilier.com\/wp-content\/uploads\/2018\/09\/API-martinique.jpg?id=2374) !important;background-position: center !important;background-repeat: no-repeat !important;background-size: cover !important;}\u00a0\u00bb][vc_column]<div class=\"qodef-elements-holder   qodef-one-column  qodef-responsive-mode-768 \" ><div class=\"qodef-eh-item   qodef-horizontal-alignment-center \"  data-item-class=\"qodef-eh-custom-9839\" data-1280-1600=\"129px 20%\" data-1024-1280=\"129px 21%\" data-768-1024=\"113px 7% 134px\" data-680-768=\"113px 0 134px\" data-680=\"113px 0 134px\">\n\t<div class=\"qodef-eh-item-inner\">\n\t\t<div class=\"qodef-eh-item-content qodef-eh-custom-9839\" style=\"padding: 129px 24%\">\n\t\t\t<h2 class=\"qodef-custom-font-holder  qodef-cf-9946  \" style=\"font-size: 72px;line-height: 64px;color: #ffffff\" data-item-class=\"qodef-cf-9946\" data-font-size-680=\"57px\">\n\tPolitique de confidentialit\u00e9<\/h2>\t\t<\/div>\n\t<\/div>\n<\/div><\/div>[\/vc_column][\/vc_row][vc_row row_content_width=\u00a0\u00bbgrid\u00a0\u00bb simple_background_color=\u00a0\u00bb#ffffff\u00a0\u00bb css=\u00a0\u00bb.vc_custom_1531684328164{padding-top: 80px !important;padding-bottom: 100px !important;}\u00a0\u00bb][vc_column][vc_column_text]<\/p>\n<h2>Qui sommes-nous ?<\/h2>\n<div class=\"qodef-separator-holder clearfix  qodef-separator-left qodef-separator-full-width\">\n\t<div class=\"qodef-separator\" style=\"border-color: #00d2f7;border-style: dotted;border-bottom-width: 6px;margin-top: 0px;margin-bottom: 20px\"><\/div>\n<\/div>\n\n<p>L\u2019adresse de notre site Web est : <a href=\"https:\/\/www.alliance-patrimoine-immobilier.com\">www.alliance-patrimoine-immobilier.com<\/a><\/p>\n<h4><span style=\"color: #00d2f7;\">Responsable du traitement des donn\u00e9es personnelles<\/span><\/h4>\n<p><b>Jean-Paul TERNOISE<\/b><br \/>\n10, route de l\u2019Union Didier<br \/>\n97200 Fort-de-France<br \/>\nMARTINIQUE<\/p>\n<h2>Utilisation des donn\u00e9es personnelles collect\u00e9es<\/h2>\n<div class=\"qodef-separator-holder clearfix  qodef-separator-left qodef-separator-full-width\">\n\t<div class=\"qodef-separator\" style=\"border-color: #00d2f7;border-style: dotted;border-bottom-width: 6px;margin-top: 0px;margin-bottom: 20px\"><\/div>\n<\/div>\n\n<h4><span style=\"color: #00d2f7;\">Cookies<\/span><\/h4>\n<p>Un cookie est un fichier texte d\u00e9pos\u00e9 lors de la visite d\u2019un site ou de la consultation d\u2019une publicit\u00e9. Il a pour but de collecter les informations relatives \u00e0 votre navigation et de vous adresser des services adapt\u00e9s \u00e0 votre terminal, afin d\u2019am\u00e9liorer votre exp\u00e9rience de navigation.<br \/>\nSi vous ne souhaitez pas utiliser de cookies, vous devez configurer les param\u00e8tres de votre ordinateur afin d\u2019effacer tous les cookies de sites Web et\/ou recevoir une notification si des cookies sont stock\u00e9s. Cette proc\u00e9dure est expliqu\u00e9e ci-dessous.<br \/>\nSi vous ne souhaitez pas modifier la configuration des cookies, poursuivez simplement votre visite sur site.<br \/>\nPour en savoir plus sur les cookies et leur incidence sur vous et votre exp\u00e9rience de navigation, consultez le site de la\u00a0<a href=\"https:\/\/www.cnil.fr\/fr\/cookies-les-outils-pour-les-maitriser\">CNIL<\/a>.<\/p>\n<h4><span style=\"color: #00d2f7;\">Qui d\u00e9pose les cookies ?<\/span><\/h4>\n<p>Les cookies sont d\u00e9pos\u00e9s sur le Site par l&rsquo;enseigne\u00a0<b>Alliance Patrimoine Immobilier<\/b>.<\/p>\n<h4><span style=\"color: #00d2f7;\">Quel type de cookies utilisons-nous ?<\/span><\/h4>\n<p><strong>Les cookies \u00ab\u00a0Statistiques et mesures d\u2019audience\u00a0\u00bb :<\/strong>\u00a0Ces cookies collectent des informations anonymes sur la navigation sur le Site. Uniquement receuillis par Google Analytics, ces cookies contiennent des donn\u00e9es sur les fr\u00e9quences d\u2019utilisation du site, dur\u00e9e des visites, provenance des visiteurs, mots cl\u00e9s recherch\u00e9s etc\u2026<\/p>\n<h4><span style=\"color: #00d2f7;\">Quels sont les destinataires des informations stock\u00e9es dans les cookies ?<\/span><\/h4>\n<p>Les informations stock\u00e9es dans les cookies \u00e9mis par\u00a0l&rsquo;enseigne\u00a0<b>Alliance Patrimoine Immobilier<\/b>\u00a0lui sont exclusivement destin\u00e9es.<\/p>\n<h4><span style=\"color: #00d2f7;\">Comment g\u00e9rer les cookies sur les navigateurs ? Comment accepter ou refuser le d\u00e9p\u00f4t de cookies sur votre terminal ?<\/span><\/h4>\n<p>Les cookies peuvent \u00eatre g\u00e9r\u00e9s de diff\u00e9rentes mani\u00e8res : en fonction de vos pr\u00e9f\u00e9rences, vous pouvez les autoriser, les refuser, les d\u00e9sactiver (un cookie d\u00e9j\u00e0 d\u00e9pos\u00e9 peut seulement \u00eatre d\u00e9sactiv\u00e9, celui-ci s\u2019effacera seulement au terme de sa dur\u00e9e de vie). Nous attirons votre attention sur le fait que le rejet total des cookies peut conduire \u00e0 rendre certains de nos Services inaccessibles ou entra\u00eener une utilisation moins performante moins efficace ou moins adapt\u00e9e de nos Services.<br \/>\nVous pouvez exprimer vos choix et modifier vos souhaits par l\u2019interm\u00e9diaire de votre navigateur.<\/p>\n<p>La configuration de chaque navigateur est diff\u00e9rente. Il vous appartient de suivre les instructions de l\u2019\u00e9diteur de votre navigateur comme suit (liens disponibles \u00e0 la date de mise \u00e0 jour de cette charte de confidentialit\u00e9):<\/p>\n<p>Pour Internet Explorer&#x2122; : ouvrez le menu \u00abOutils\u00bb, puis s\u00e9lectionnez \u00abOptions internet\u00bb ; cliquez sur l\u2019onglet \u00abConfidentialit\u00e9\u00bb puis l\u2019onglet \u00abAvanc\u00e9\u00bb choisissez le niveau souhait\u00e9 ou retrouvez ces explications avec le lien suivant :\u00a0<a href=\"http:\/\/windows.microsoft.com\/fr-FR\/windows-vista\/Block-or-allow-cookies\">http:\/\/windows.microsoft.com\/fr-FR\/windows-vista\/Block-or-allow-cookies<\/a><br \/>\nPour Firefox&#x2122; : ouvrez le menu \u00abOutils\u00bb, puis s\u00e9lectionnez \u00abOptions\u00bb ; cliquez sur l\u2019onglet \u00abVie priv\u00e9e\u00bb puis choisissez les options souhait\u00e9es ou suivez ce lien :\u00a0<a href=\"http:\/\/support.mozilla.org\/fr\/kb\/Activer%20et%20d%C3%A9sactiver%20les%20cookies\">http:\/\/support.mozilla.org\/fr\/kb\/Activer%20et%20d%C3%A9sactiver%20les%20cookies\u00a0<\/a><br \/>\nPour Chrome&#x2122; : ouvrez le menu de configuration (logo cl\u00e9 \u00e0 molette), puis s\u00e9lectionnez \u00abOptions\u00bb ; cliquez sur \u00abOptions avanc\u00e9es\u00bb puis dans la section \u00abConfidentialit\u00e9\u00bb, cliquez sur \u00abParam\u00e8tres de contenu\u00bb, et choisissez les options souhait\u00e9es ou retrouvez ces explications avec le lien suivant : http:\/\/support.google.com\/chrome\/bin\/answer.py?hl=fr&amp;hlrm=en&amp;answer=95647<br \/>\nPour Safari&#x2122; : choisissez \u00ab Safari &gt; Pr\u00e9f\u00e9rences\u00bb puis cliquez sur \u00abS\u00e9curit\u00e9\u00bb ; Dans la section \u00abAccepter les cookies\u00bb choisissez les options souhait\u00e9es ou retrouvez ces explications avec le lien suivant :\u00a0<a href=\"http:\/\/docs.info.apple.com\/article.html?path=Safari\/3.0\/fr\/9277.html\">http:\/\/docs.info.apple.com\/article.html?path=Safari\/3.0\/fr\/9277.html<\/a><br \/>\nPour Opera&#x2122; : ouvrez le menu \u00abOutils\u00bb ou \u00abR\u00e9glages\u00bb, puis s\u00e9lectionnez \u00abSupprimer les donn\u00e9es priv\u00e9es\u00bb; cliquez sur l\u2019onglet \u00abOptions d\u00e9taill\u00e9es\u00bb, puis choisissez les options souhait\u00e9es ou retrouvez ces explications avec le lien suivant :\u00a0<a href=\"http:\/\/help.opera.com\/Windows\/10.20\/fr\/cookies.html\">http:\/\/help.opera.com\/Windows\/10.20\/fr\/cookies.html<\/a><br \/>\nUtiliser une plateforme de gestion de cookies. Vous pouvez d\u00e9cider de refuser la publicit\u00e9 comportementale en utilisant l\u2019outil fourni sur ce site (<a href=\"http:\/\/www.youronlinechoices.com\/fr\/\">http:\/\/www.youronlinechoices.com\/fr\/<\/a>). Les cookies d\u00e9pos\u00e9s en cas d\u2019utilisation des boutons de partage sont \u00e9galement inclus dans cette plateforme.<\/p>\n<h4><span style=\"color: #00d2f7;\">Modalit\u00e9 d\u2019acceptation<\/span><\/h4>\n<p>Tel que sp\u00e9cifi\u00e9 dans la note d\u2019information succincte pr\u00e9sent\u00e9e sur le bandeau du site \u00ab Cookies \u00bb, vous pouvez donner votre consentement \u00e0 l\u2019utilisation des cookies sous une forme simplifi\u00e9e en cliquant sur \u00ab J\u2019accepte \u00bb.<\/p>\n<p>Poursuivre la navigation en quittant la pr\u00e9sente politique en mati\u00e8re de cookies sans avoir fait de choix sp\u00e9cifique de traitement des donn\u00e9es, revient \u00e0 accepter l\u2019utilisation de tous les cookies.<\/p>\n<h4><span style=\"color: #00d2f7;\">Quelle est la dur\u00e9e de conservation des cookies ?<\/span><\/h4>\n<p>La dur\u00e9e de conservation des cookies est de 13 mois maximum. Sur alliance-patrimoine-immobilier.com, nous demanderons \u00e0 nouveau votre consentement des cookies au bout de 365 jours. Par ailleurs, vos donn\u00e9es anonymes collect\u00e9es via Google analytics seront supprim\u00e9es tous les 26 mois en cas d\u2019inactivit\u00e9s de votre part.<\/p>\n<h4><span style=\"color: #00d2f7;\">Formulaires<\/span><\/h4>\n<p>Des donn\u00e9es personnelles sont \u00e9galement recueillies via les formulaires suivants :<\/p>\n<ul>\n<li>Formulaire de contact : nom et adresse \u00e9lectronique.<\/li>\n<li>Formulaire d&rsquo;estimation de bien : Nom, Email, T\u00e9l\u00e9phone,\u00a0Localisation, Type de bien, Surface du terrain, Surface habitable, Nombre de pi\u00e8ces, Nombre de chambres, Nombre de salles de bain, Nombre de WC, Etat des murs, Etat des sols, Caract\u00e9ristiques suppl\u00e9mentaires.<\/li>\n<li>Formulaire de chasseurs de bien :\u00a0Nom, Email, T\u00e9l\u00e9phone, Localisation(s), Type de bien, Surface du terrain minimum, Surface du terrain maximum, Surface habitable minimum, Surface habitable maximum, Nombre de pi\u00e8ces, Nombre de chambres, Informations compl\u00e9mentaires.<\/li>\n<li>Formulaire de demande pour visiter un bien :\u00a0Nom, Pr\u00e9nom, et Email.<\/li>\n<\/ul>\n<h2>Utilisation et transmission de vos donn\u00e9es personnelles<\/h2>\n<div class=\"qodef-separator-holder clearfix  qodef-separator-left qodef-separator-full-width\">\n\t<div class=\"qodef-separator\" style=\"border-color: #00d2f7;border-style: dotted;border-bottom-width: 6px;margin-top: 0px;margin-bottom: 20px\"><\/div>\n<\/div>\n\n<h4><span style=\"color: #00d2f7;\">Les droits que vous avez sur vos donn\u00e9es<\/span><\/h4>\n<p>Tous les utilisateurs et utilisatrices peuvent voir, modifier ou supprimer leurs informations personnelles \u00e0 tout moment en nous contactant via\u00a0<a href=\"mailto:info@alliance-patrimoine-immobilier.com\">info@alliance-patrimoine-immobilier.com<\/a>. Les gestionnaires du site peuvent aussi voir et modifier ces informations.<\/p>\n<h2>Informations suppl\u00e9mentaires<\/h2>\n<div class=\"qodef-separator-holder clearfix  qodef-separator-left qodef-separator-full-width\">\n\t<div class=\"qodef-separator\" style=\"border-color: #00d2f7;border-style: dotted;border-bottom-width: 6px;margin-top: 0px;margin-bottom: 20px\"><\/div>\n<\/div>\n\n<h4><span style=\"color: #00d2f7;\">Comment nous prot\u00e9geons vos donn\u00e9es ?<\/span><\/h4>\n<p><b>Alliance Patrimoine Immobilier<\/b> utilise un certificat SSL avec OVH (h\u00e9bergeur du site web) qui active l\u2019indicateur de s\u00e9curit\u00e9 le plus visible : le cadenas vert dans les navigateurs hautement s\u00e9curis\u00e9s, garantissant que le site\u00a0alliance-patrimoine-immobilier.com est s\u00e9curis\u00e9.[\/vc_column_text][\/vc_column][\/vc_row]<\/p>\n","protected":false},"excerpt":{"rendered":"<p>[vc_row content_text_aligment=\u00a0\u00bbcenter\u00a0\u00bb css=\u00a0\u00bb.vc_custom_1536329621999{padding-bottom: 30px !important;background-image: url(https:\/\/www.alliance-patrimoine-immobilier.com\/wp-content\/uploads\/2018\/09\/API-martinique.jpg?id=2374) !important;background-position: center !important;background-repeat: no-repeat !important;background-size: cover !important;}\u00a0\u00bb][vc_column][\/vc_column][\/vc_row][vc_row row_content_width=\u00a0\u00bbgrid\u00a0\u00bb simple_background_color=\u00a0\u00bb#ffffff\u00a0\u00bb css=\u00a0\u00bb.vc_custom_1531684328164{padding-top: 80px !important;padding-bottom: 100px !important;}\u00a0\u00bb][vc_column][vc_column_text] Qui sommes-nous ? L\u2019adresse de notre site Web est : www.alliance-patrimoine-immobilier.com Responsable du traitement des donn\u00e9es personnelles Jean-Paul TERNOISE 10, [&hellip;]<\/p>\n","protected":false},"author":1,"featured_media":0,"parent":0,"menu_order":0,"comment_status":"closed","ping_status":"closed","template":"full-width.php","meta":{"_mi_skip_tracking":false},"_links":{"self":[{"href":"https:\/\/www.alliance-patrimoine-immobilier.com\/index.php?rest_route=\/wp\/v2\/pages\/2112"}],"collection":[{"href":"https:\/\/www.alliance-patrimoine-immobilier.com\/index.php?rest_route=\/wp\/v2\/pages"}],"about":[{"href":"https:\/\/www.alliance-patrimoine-immobilier.com\/index.php?rest_route=\/wp\/v2\/types\/page"}],"author":[{"embeddable":true,"href":"https:\/\/www.alliance-patrimoine-immobilier.com\/index.php?rest_route=\/wp\/v2\/users\/1"}],"replies":[{"embeddable":true,"href":"https:\/\/www.alliance-patrimoine-immobilier.com\/index.php?rest_route=%2Fwp%2Fv2%2Fcomments&post=2112"}],"version-history":[{"count":11,"href":"https:\/\/www.alliance-patrimoine-immobilier.com\/index.php?rest_route=\/wp\/v2\/pages\/2112\/revisions"}],"predecessor-version":[{"id":2426,"href":"https:\/\/www.alliance-patrimoine-immobilier.com\/index.php?rest_route=\/wp\/v2\/pages\/2112\/revisions\/2426"}],"wp:attachment":[{"href":"https:\/\/www.alliance-patrimoine-immobilier.com\/index.php?rest_route=%2Fwp%2Fv2%2Fmedia&parent=2112"}],"curies":[{"name":"wp","href":"https:\/\/api.w.org\/{rel}","templated":true}]}}